{"id":233,"date":"2024-03-14T19:38:42","date_gmt":"2024-03-14T19:38:42","guid":{"rendered":"https:\/\/ergotherapie-praxis-winkler.de\/?page_id=233"},"modified":"2024-06-04T03:27:21","modified_gmt":"2024-06-04T03:27:21","slug":"impressum","status":"publish","type":"page","link":"https:\/\/ergotherapie-praxis-winkler.de\/home\/impressum\/","title":{"rendered":"Impressum | Paxis f\u00fcr Ergotherapie Winkler"},"content":{"rendered":"\t\t<div data-elementor-type=\"wp-page\" data-elementor-id=\"233\" class=\"elementor elementor-233\">\n\t\t\t\t\t\t<section class=\"elementor-section elementor-top-section elementor-element elementor-element-4fea1c7 elementor-section-full_width elementor-section-height-default elementor-section-height-default\" data-id=\"4fea1c7\" data-element_type=\"section\" data-e-type=\"section\" data-settings=\"{&quot;background_background&quot;:&quot;classic&quot;}\">\n\t\t\t\t\t\t<div class=\"elementor-container elementor-column-gap-default\">\n\t\t\t\t\t<div class=\"elementor-column elementor-col-100 elementor-top-column elementor-element elementor-element-f75ada2\" data-id=\"f75ada2\" data-element_type=\"column\" data-e-type=\"column\">\n\t\t\t<div class=\"elementor-widget-wrap elementor-element-populated\">\n\t\t\t\t\t\t<div class=\"elementor-element elementor-element-6969162 elementor-list-item-link-inline elementor-icon-list--layout-inline elementor-align-end elementor-widget__width-initial elementor-mobile-align-center elementor-widget-mobile__width-initial elementor-widget elementor-widget-icon-list\" data-id=\"6969162\" data-element_type=\"widget\" data-e-type=\"widget\" data-widget_type=\"icon-list.default\">\n\t\t\t\t<div class=\"elementor-widget-container\">\n\t\t\t\t\t\t\t<ul class=\"elementor-icon-list-items elementor-inline-items\">\n\t\t\t\t\t\t\t<li class=\"elementor-icon-list-item elementor-inline-item\">\n\t\t\t\t\t\t\t\t\t\t\t<a href=\"https:\/\/ergotherapie-praxis-winkler.de\/home\">\n\n\t\t\t\t\t\t\t\t\t\t\t<span class=\"elementor-icon-list-text\">Home<\/span>\n\t\t\t\t\t\t\t\t\t\t\t<\/a>\n\t\t\t\t\t\t\t\t\t<\/li>\n\t\t\t\t\t\t\t\t<li class=\"elementor-icon-list-item elementor-inline-item\">\n\t\t\t\t\t\t\t\t\t\t\t<a href=\"https:\/\/ergotherapie-praxis-winkler.de\/kontakt\">\n\n\t\t\t\t\t\t\t\t\t\t\t<span class=\"elementor-icon-list-text\">Kontakt<\/span>\n\t\t\t\t\t\t\t\t\t\t\t<\/a>\n\t\t\t\t\t\t\t\t\t<\/li>\n\t\t\t\t\t\t\t\t<li class=\"elementor-icon-list-item elementor-inline-item\">\n\t\t\t\t\t\t\t\t\t\t\t<a href=\"https:\/\/ergotherapie-praxis-winkler.de\/info\">\n\n\t\t\t\t\t\t\t\t\t\t\t<span class=\"elementor-icon-list-text\">FAQ &amp; News<\/span>\n\t\t\t\t\t\t\t\t\t\t\t<\/a>\n\t\t\t\t\t\t\t\t\t<\/li>\n\t\t\t\t\t\t\t\t<li class=\"elementor-icon-list-item elementor-inline-item\">\n\t\t\t\t\t\t\t\t\t\t\t<a href=\"https:\/\/ergotherapie-praxis-winkler.de\/impressum\">\n\n\t\t\t\t\t\t\t\t\t\t\t<span class=\"elementor-icon-list-text\">Impressum<\/span>\n\t\t\t\t\t\t\t\t\t\t\t<\/a>\n\t\t\t\t\t\t\t\t\t<\/li>\n\t\t\t\t\t\t<\/ul>\n\t\t\t\t\t\t<\/div>\n\t\t\t\t<\/div>\n\t\t\t\t\t<\/div>\n\t\t<\/div>\n\t\t\t\t\t<\/div>\n\t\t<\/section>\n\t\t\t\t<section class=\"elementor-section elementor-top-section elementor-element elementor-element-6967347 elementor-section-boxed elementor-section-height-default elementor-section-height-default elementor-invisible\" data-id=\"6967347\" data-element_type=\"section\" data-e-type=\"section\" data-settings=\"{&quot;background_background&quot;:&quot;classic&quot;,&quot;animation&quot;:&quot;fadeIn&quot;}\">\n\t\t\t\t\t\t<div class=\"elementor-container elementor-column-gap-default\">\n\t\t\t\t\t<div class=\"elementor-column elementor-col-100 elementor-top-column elementor-element elementor-element-356e835\" data-id=\"356e835\" data-element_type=\"column\" data-e-type=\"column\">\n\t\t\t<div class=\"elementor-widget-wrap elementor-element-populated\">\n\t\t\t\t\t\t<div class=\"elementor-element elementor-element-0da40aa elementor-widget__width-initial elementor-widget-tablet__width-initial elementor-widget-mobile__width-initial de_scroll_animation_no elementor-invisible elementor-widget elementor-widget-heading\" data-id=\"0da40aa\" data-element_type=\"widget\" data-e-type=\"widget\" data-settings=\"{&quot;_animation&quot;:&quot;fadeInUp&quot;}\" data-widget_type=\"heading.default\">\n\t\t\t\t<div class=\"elementor-widget-container\">\n\t\t\t\t\t<h1 class=\"elementor-heading-title elementor-size-default\">Impressum &amp; Datenschutz<\/h1>\t\t\t\t<\/div>\n\t\t\t\t<\/div>\n\t\t\t\t\t<\/div>\n\t\t<\/div>\n\t\t\t\t\t<\/div>\n\t\t<\/section>\n\t\t\t\t<section class=\"elementor-section elementor-top-section elementor-element elementor-element-5fb61f6 elementor-section-boxed elementor-section-height-default elementor-section-height-default\" data-id=\"5fb61f6\" data-element_type=\"section\" data-e-type=\"section\">\n\t\t\t\t\t\t<div class=\"elementor-container elementor-column-gap-default\">\n\t\t\t\t\t<div class=\"elementor-column elementor-col-50 elementor-top-column elementor-element elementor-element-a9b5624\" data-id=\"a9b5624\" data-element_type=\"column\" data-e-type=\"column\">\n\t\t\t<div class=\"elementor-widget-wrap elementor-element-populated\">\n\t\t\t\t\t\t<div class=\"elementor-element elementor-element-f9e7fff de_scroll_animation_no elementor-widget elementor-widget-text-editor\" data-id=\"f9e7fff\" data-element_type=\"widget\" data-e-type=\"widget\" data-settings=\"{&quot;_animation&quot;:&quot;none&quot;}\" data-widget_type=\"text-editor.default\">\n\t\t\t\t<div class=\"elementor-widget-container\">\n\t\t\t\t\t\t\t\t\t<p><strong>Impressum<\/strong><\/p><p>Praxis f\u00fcr Ergotherapie Winkler<br \/>Fachbereich Psychiatrie<\/p><p>Inhaberin: Marie-Elisabeth Winkler\u2028, Garnstr. 35, \u00a014482 Potsdam<\/p><p>Telefon: 015252106266<\/p><p>Email: kontakt@ergotherapie-praxis-winkler.de<\/p><p>Internet: www.ergotherapie-praxis-winkler.de\u2028<\/p><p>verantwortlich f\u00fcr den Inhalt: Marie-Elisabeth Winkler<\/p><p>Berufsbezeichnung: Ergotherapeutin,\u2028Zulassungen erteilt in der Bundesrepublik Deutschland<\/p><p>Mitglied im : Deutschen Verband der Ergotherapeuten e.V.\u2028<\/p><p>Berufsrechtliche Regelungen: Ergotherapeutengesetz ErgThG<\/p><p><strong>Datenschutz &amp; Haftungsausschlu\u00df<\/strong><\/p><p>Inhalte:<\/p><p>Der Inhalt der Internetseiten der Praxis f\u00fcr Ergotherapie Winkler wurde gewissenhaft erarbeitet und gepr\u00fcft. Ich \u00fcbernehme \u00a0keine Gew\u00e4hr f\u00fcr die Aktualit\u00e4t, Richtigkeit, Vollst\u00e4ndigkeit oder Qualit\u00e4t der bereitgestellten Informationen. Diese Website dient ausschlie\u00dflich Informationszwecken. Sie ist nicht dazu bestimmt, konkreten gesundheitlichen oder fachlichen Rat zu erteilen.<\/p><p>Links:<\/p><p>Trotz sorgf\u00e4ltiger inhaltlicher Kontrolle \u00fcbernehme ich keine Haftung f\u00fcr genannte Quellen oder Inhalte externer Links. F\u00fcr den Inhalt genannter Quellen oder der verlinkten Seiten, sind ausschlie\u00dflich deren Betreiber*innen verantwortlich.<\/p><p>Copyright:<\/p><p>Alle Rechte der Website www.ergotherapie-praxis-winkler.de bleiben der Inhaberin Marie-Elisabeth Winkler vorbehalten. Kopieren und Verwenden der Inhalte und Abbildungen der Website bedarf einer schriftlichen Zustimmung. Kopieren, Vervielf\u00e4ltigen oder Ver\u00e4ndern der Website ist verboten.<\/p><p>Rechtswirksamkeit:<\/p><p>Sofern Teile oder einzelne Formulierungen dieses Textes der geltenden Rechtslage nicht, nicht mehr oder nicht vollst\u00e4ndig entsprechen sollten, bleiben die \u00fcbrigen Teile des Dokumentes in ihrem Inhalt und ihrer G\u00fcltigkeit davon unber\u00fchrt.<\/p><p>Copyright der Fotos:<\/p><p>Fotos auf der Website sind zum Teil aus privatem Besitz von Marie-Elisabeth Winkler.<\/p><p>Quelle der extern genutzten Fotos: www.pexels.com<\/p>\t\t\t\t\t\t\t\t<\/div>\n\t\t\t\t<\/div>\n\t\t\t\t\t<\/div>\n\t\t<\/div>\n\t\t\t\t<div class=\"elementor-column elementor-col-50 elementor-top-column elementor-element elementor-element-22efb7a\" data-id=\"22efb7a\" data-element_type=\"column\" data-e-type=\"column\">\n\t\t\t<div class=\"elementor-widget-wrap\">\n\t\t\t\t\t\t\t<\/div>\n\t\t<\/div>\n\t\t\t\t\t<\/div>\n\t\t<\/section>\n\t\t\t\t<\/div>\n\t\t","protected":false},"excerpt":{"rendered":"<p>Home Kontakt FAQ &#038; News Impressum Impressum &#038; Datenschutz Impressum Praxis f\u00fcr Ergotherapie WinklerFachbereich Psychiatrie Inhaberin: Marie-Elisabeth Winkler\u2028, Garnstr. 35, \u00a014482 Potsdam Telefon: 015252106266 Email: kontakt@ergotherapie-praxis-winkler.de Internet: www.ergotherapie-praxis-winkler.de\u2028 verantwortlich f\u00fcr den Inhalt: Marie-Elisabeth Winkler Berufsbezeichnung: Ergotherapeutin,\u2028Zulassungen erteilt in der Bundesrepublik Deutschland Mitglied im : Deutschen Verband der Ergotherapeuten e.V.\u2028 Berufsrechtliche Regelungen: Ergotherapeutengesetz ErgThG Datenschutz &amp; [&hellip;]<\/p>\n","protected":false},"author":1,"featured_media":0,"parent":0,"menu_order":0,"comment_status":"closed","ping_status":"closed","template":"elementor_canvas","meta":{"_themeisle_gutenberg_block_has_review":false,"footnotes":""},"class_list":["post-233","page","type-page","status-publish","hentry"],"yoast_head":"<!-- This site is optimized with the Yoast SEO plugin v22.8 - https:\/\/yoast.com\/wordpress\/plugins\/seo\/ -->\n<title>Impressum | Paxis f\u00fcr Ergotherapie Winkler - Ergotherapie Praxis Winkler<\/title>\n<meta name=\"robots\" content=\"index, follow, max-snippet:-1, max-image-preview:large, max-video-preview:-1\" \/>\n<link rel=\"canonical\" href=\"https:\/\/ergotherapie-praxis-winkler.de\/home\/impressum\/\" \/>\n<meta property=\"og:locale\" content=\"de_DE\" \/>\n<meta property=\"og:type\" content=\"article\" \/>\n<meta property=\"og:title\" content=\"Impressum | Paxis f\u00fcr Ergotherapie Winkler - Ergotherapie Praxis Winkler\" \/>\n<meta property=\"og:description\" content=\"Home Kontakt FAQ &#038; News Impressum Impressum &#038; Datenschutz Impressum Praxis f\u00fcr Ergotherapie WinklerFachbereich Psychiatrie Inhaberin: Marie-Elisabeth Winkler\u2028, Garnstr. 35, \u00a014482 Potsdam Telefon: 015252106266 Email: kontakt@ergotherapie-praxis-winkler.de Internet: www.ergotherapie-praxis-winkler.de\u2028 verantwortlich f\u00fcr den Inhalt: Marie-Elisabeth Winkler Berufsbezeichnung: Ergotherapeutin,\u2028Zulassungen erteilt in der Bundesrepublik Deutschland Mitglied im : Deutschen Verband der Ergotherapeuten e.V.\u2028 Berufsrechtliche Regelungen: Ergotherapeutengesetz ErgThG Datenschutz &amp; [&hellip;]\" \/>\n<meta property=\"og:url\" content=\"https:\/\/ergotherapie-praxis-winkler.de\/home\/impressum\/\" \/>\n<meta property=\"og:site_name\" content=\"Ergotherapie Praxis Winkler\" \/>\n<meta property=\"article:modified_time\" content=\"2024-06-04T03:27:21+00:00\" \/>\n<meta name=\"twitter:card\" content=\"summary_large_image\" \/>\n<meta name=\"twitter:label1\" content=\"Gesch\u00e4tzte Lesezeit\" \/>\n\t<meta name=\"twitter:data1\" content=\"2\u00a0Minuten\" \/>\n<script type=\"application\/ld+json\" class=\"yoast-schema-graph\">{\"@context\":\"https:\/\/schema.org\",\"@graph\":[{\"@type\":\"WebPage\",\"@id\":\"https:\/\/ergotherapie-praxis-winkler.de\/home\/impressum\/\",\"url\":\"https:\/\/ergotherapie-praxis-winkler.de\/home\/impressum\/\",\"name\":\"Impressum | Paxis f\u00fcr Ergotherapie Winkler - Ergotherapie Praxis Winkler\",\"isPartOf\":{\"@id\":\"https:\/\/ergotherapie-praxis-winkler.de\/home\/#website\"},\"datePublished\":\"2024-03-14T19:38:42+00:00\",\"dateModified\":\"2024-06-04T03:27:21+00:00\",\"breadcrumb\":{\"@id\":\"https:\/\/ergotherapie-praxis-winkler.de\/home\/impressum\/#breadcrumb\"},\"inLanguage\":\"de\",\"potentialAction\":[{\"@type\":\"ReadAction\",\"target\":[\"https:\/\/ergotherapie-praxis-winkler.de\/home\/impressum\/\"]}]},{\"@type\":\"BreadcrumbList\",\"@id\":\"https:\/\/ergotherapie-praxis-winkler.de\/home\/impressum\/#breadcrumb\",\"itemListElement\":[{\"@type\":\"ListItem\",\"position\":1,\"name\":\"Startseite\",\"item\":\"https:\/\/ergotherapie-praxis-winkler.de\/home\/\"},{\"@type\":\"ListItem\",\"position\":2,\"name\":\"Impressum | Paxis f\u00fcr Ergotherapie Winkler\"}]},{\"@type\":\"WebSite\",\"@id\":\"https:\/\/ergotherapie-praxis-winkler.de\/home\/#website\",\"url\":\"https:\/\/ergotherapie-praxis-winkler.de\/home\/\",\"name\":\"Ergotherapie Praxis Winkler\",\"description\":\"Praxis f\u00fcr Ergotherapie, Schwerpunkt Psychiatrie, Potsdam, Marie Elisabeth Winkler\",\"publisher\":{\"@id\":\"https:\/\/ergotherapie-praxis-winkler.de\/home\/#organization\"},\"potentialAction\":[{\"@type\":\"SearchAction\",\"target\":{\"@type\":\"EntryPoint\",\"urlTemplate\":\"https:\/\/ergotherapie-praxis-winkler.de\/home\/?s={search_term_string}\"},\"query-input\":\"required name=search_term_string\"}],\"inLanguage\":\"de\"},{\"@type\":\"Organization\",\"@id\":\"https:\/\/ergotherapie-praxis-winkler.de\/home\/#organization\",\"name\":\"Ergotherapie Praxis Winkler\",\"url\":\"https:\/\/ergotherapie-praxis-winkler.de\/home\/\",\"logo\":{\"@type\":\"ImageObject\",\"inLanguage\":\"de\",\"@id\":\"https:\/\/ergotherapie-praxis-winkler.de\/home\/#\/schema\/logo\/image\/\",\"url\":\"https:\/\/ergotherapie-praxis-winkler.de\/wp-content\/uploads\/2024\/05\/Lissy_logo_Praxis_Website_alpha-1.png\",\"contentUrl\":\"https:\/\/ergotherapie-praxis-winkler.de\/wp-content\/uploads\/2024\/05\/Lissy_logo_Praxis_Website_alpha-1.png\",\"width\":842,\"height\":517,\"caption\":\"Ergotherapie Praxis Winkler\"},\"image\":{\"@id\":\"https:\/\/ergotherapie-praxis-winkler.de\/home\/#\/schema\/logo\/image\/\"}}]}<\/script>\n<!-- \/ Yoast SEO plugin. -->","yoast_head_json":{"title":"Impressum | Paxis f\u00fcr Ergotherapie Winkler - Ergotherapie Praxis Winkler","robots":{"index":"index","follow":"follow","max-snippet":"max-snippet:-1","max-image-preview":"max-image-preview:large","max-video-preview":"max-video-preview:-1"},"canonical":"https:\/\/ergotherapie-praxis-winkler.de\/home\/impressum\/","og_locale":"de_DE","og_type":"article","og_title":"Impressum | Paxis f\u00fcr Ergotherapie Winkler - Ergotherapie Praxis Winkler","og_description":"Home Kontakt FAQ &#038; News Impressum Impressum &#038; Datenschutz Impressum Praxis f\u00fcr Ergotherapie WinklerFachbereich Psychiatrie Inhaberin: Marie-Elisabeth Winkler\u2028, Garnstr. 35, \u00a014482 Potsdam Telefon: 015252106266 Email: kontakt@ergotherapie-praxis-winkler.de Internet: www.ergotherapie-praxis-winkler.de\u2028 verantwortlich f\u00fcr den Inhalt: Marie-Elisabeth Winkler Berufsbezeichnung: Ergotherapeutin,\u2028Zulassungen erteilt in der Bundesrepublik Deutschland Mitglied im : Deutschen Verband der Ergotherapeuten e.V.\u2028 Berufsrechtliche Regelungen: Ergotherapeutengesetz ErgThG Datenschutz &amp; [&hellip;]","og_url":"https:\/\/ergotherapie-praxis-winkler.de\/home\/impressum\/","og_site_name":"Ergotherapie Praxis Winkler","article_modified_time":"2024-06-04T03:27:21+00:00","twitter_card":"summary_large_image","twitter_misc":{"Gesch\u00e4tzte Lesezeit":"2\u00a0Minuten"},"schema":{"@context":"https:\/\/schema.org","@graph":[{"@type":"WebPage","@id":"https:\/\/ergotherapie-praxis-winkler.de\/home\/impressum\/","url":"https:\/\/ergotherapie-praxis-winkler.de\/home\/impressum\/","name":"Impressum | Paxis f\u00fcr Ergotherapie Winkler - Ergotherapie Praxis Winkler","isPartOf":{"@id":"https:\/\/ergotherapie-praxis-winkler.de\/home\/#website"},"datePublished":"2024-03-14T19:38:42+00:00","dateModified":"2024-06-04T03:27:21+00:00","breadcrumb":{"@id":"https:\/\/ergotherapie-praxis-winkler.de\/home\/impressum\/#breadcrumb"},"inLanguage":"de","potentialAction":[{"@type":"ReadAction","target":["https:\/\/ergotherapie-praxis-winkler.de\/home\/impressum\/"]}]},{"@type":"BreadcrumbList","@id":"https:\/\/ergotherapie-praxis-winkler.de\/home\/impressum\/#breadcrumb","itemListElement":[{"@type":"ListItem","position":1,"name":"Startseite","item":"https:\/\/ergotherapie-praxis-winkler.de\/home\/"},{"@type":"ListItem","position":2,"name":"Impressum | Paxis f\u00fcr Ergotherapie Winkler"}]},{"@type":"WebSite","@id":"https:\/\/ergotherapie-praxis-winkler.de\/home\/#website","url":"https:\/\/ergotherapie-praxis-winkler.de\/home\/","name":"Ergotherapie Praxis Winkler","description":"Praxis f\u00fcr Ergotherapie, Schwerpunkt Psychiatrie, Potsdam, Marie Elisabeth Winkler","publisher":{"@id":"https:\/\/ergotherapie-praxis-winkler.de\/home\/#organization"},"potentialAction":[{"@type":"SearchAction","target":{"@type":"EntryPoint","urlTemplate":"https:\/\/ergotherapie-praxis-winkler.de\/home\/?s={search_term_string}"},"query-input":"required name=search_term_string"}],"inLanguage":"de"},{"@type":"Organization","@id":"https:\/\/ergotherapie-praxis-winkler.de\/home\/#organization","name":"Ergotherapie Praxis Winkler","url":"https:\/\/ergotherapie-praxis-winkler.de\/home\/","logo":{"@type":"ImageObject","inLanguage":"de","@id":"https:\/\/ergotherapie-praxis-winkler.de\/home\/#\/schema\/logo\/image\/","url":"https:\/\/ergotherapie-praxis-winkler.de\/wp-content\/uploads\/2024\/05\/Lissy_logo_Praxis_Website_alpha-1.png","contentUrl":"https:\/\/ergotherapie-praxis-winkler.de\/wp-content\/uploads\/2024\/05\/Lissy_logo_Praxis_Website_alpha-1.png","width":842,"height":517,"caption":"Ergotherapie Praxis Winkler"},"image":{"@id":"https:\/\/ergotherapie-praxis-winkler.de\/home\/#\/schema\/logo\/image\/"}}]}},"_links":{"self":[{"href":"https:\/\/ergotherapie-praxis-winkler.de\/home\/wp-json\/wp\/v2\/pages\/233","targetHints":{"allow":["GET"]}}],"collection":[{"href":"https:\/\/ergotherapie-praxis-winkler.de\/home\/wp-json\/wp\/v2\/pages"}],"about":[{"href":"https:\/\/ergotherapie-praxis-winkler.de\/home\/wp-json\/wp\/v2\/types\/page"}],"author":[{"embeddable":true,"href":"https:\/\/ergotherapie-praxis-winkler.de\/home\/wp-json\/wp\/v2\/users\/1"}],"replies":[{"embeddable":true,"href":"https:\/\/ergotherapie-praxis-winkler.de\/home\/wp-json\/wp\/v2\/comments?post=233"}],"version-history":[{"count":67,"href":"https:\/\/ergotherapie-praxis-winkler.de\/home\/wp-json\/wp\/v2\/pages\/233\/revisions"}],"predecessor-version":[{"id":831,"href":"https:\/\/ergotherapie-praxis-winkler.de\/home\/wp-json\/wp\/v2\/pages\/233\/revisions\/831"}],"wp:attachment":[{"href":"https:\/\/ergotherapie-praxis-winkler.de\/home\/wp-json\/wp\/v2\/media?parent=233"}],"curies":[{"name":"wp","href":"https:\/\/api.w.org\/{rel}","templated":true}]}}